{"id":95,"date":"2011-05-18T14:56:52","date_gmt":"2011-05-18T12:56:52","guid":{"rendered":"http:\/\/www.braccofrancese.com\/?page_id=95"},"modified":"2011-05-18T14:57:51","modified_gmt":"2011-05-18T12:57:51","slug":"standard-gascogne","status":"publish","type":"page","link":"https:\/\/www.braccofrancese.com\/?page_id=95","title":{"rendered":"Standard: Gascogne"},"content":{"rendered":"<p><strong>Standard FCI n\u00b0 133 \/07.08.1998\/F BRAQUE FRANCAIS, TYPE GASCOGNE <\/strong><\/p>\n<p><em>(traduzione del testo originale francese a cura del CIBF)<\/em><\/p>\n<p><strong>Origine<\/strong>: Francia<\/p>\n<p><strong>Utilizzazione<\/strong>: cani da ferma<\/p>\n<p><strong>Classificazione FCI<\/strong>: gruppo 7 cani da ferma<\/p>\n<p>Sezione 1.1 cani da ferma continentali, tipo bracco<\/p>\n<p><span style=\"text-decoration: underline;\">Con prova di lavoro<\/span><\/p>\n<p><strong> <\/strong><\/p>\n<p><strong>Breve cenno storico: <\/strong>il bracco francese si presenta in due tipi differenti, la grande taglia (Gascogne) e la piccola taglia (Pyr\u00e9n\u00e9es). I due tipi sono originari del sud ovest della Francia e della zona centrale dei Pirenei.<\/p>\n<p><strong> <\/strong><\/p>\n<p><strong>Aspetto generale: <\/strong>cane da ferma mediolineo (mesomorfo) dolicocefalo di tipo braccoide, nobile all&#8217;apparenza, potente ma mai eccessivamente pesante, robusto e con forti arti. Le femmine si presentano pi\u00f9 fini, la pelle \u00e8 morbida, mai rilasciata o molle.<\/p>\n<p><strong> <\/strong><\/p>\n<p><strong>Proporzioni importanti: <\/strong>la lunghezza del muso \u00e8 un po&#8217;\u00a0 inferiore a quella del cranio.<\/p>\n<p><strong>Testa :<\/strong>abbastanza importante, ma mai troppo pesante. Le linee del cranio e della canna nasale sono leggermente divergenti.<\/p>\n<p><strong>Regione craniana:<\/strong> cranio pressoch\u00e9 piatto o leggermente bombato con solco centrale poco accentuato. La cresta occipitale poco prominente.<\/p>\n<p><strong>Stop<\/strong>: n\u00e9 assente, n\u00e9 accentuato.<\/p>\n<p><strong>Regione facciale:<\/strong><\/p>\n<p>Tartufo: il naso \u00e8 grosso di colore marrone, le nari bene aperte.<\/p>\n<p>Piedi anteriori: dita serrate e bene arcuate determinante un insieme<\/p>\n<p>Muso: la canna nasale \u00e8 larga e rettangolare, talvolta leggermente convessa.<\/p>\n<p>Labbra: le labbra sono discendenti e la loro commessura \u00e8 sufficientemente pieghettata.<\/p>\n<p>Mascella\/denti : dentatura completa. Chiusura a tenaglia tollerata.<\/p>\n<p>Occhi: bene aperti e inseriti nelle orbite, di colore marrone o giallo scuro. Lo sguardo \u00e8 franco.<\/p>\n<p>Orecchi: di lunghezza media, attaccati alla linea degli occhi con attaccatura mai troppo larga inquadranti bene la testa, leggermente pieghettati ed arrotondati all&#8217;estremit\u00e0. Una o due rughe verticali possono esistere sulla guancia ed un po&#8217; al di sopra dell&#8217;attaccatura delle orecchie.<\/p>\n<p>Le punte delle orecchie devono arrivare all&#8217;inizio del tartufo.<\/p>\n<p>Collo: di buona lunghezza leggermente arcuato nella parte superiore, presenta un po&#8217; di giogaia.<\/p>\n<p><strong>Corpo<\/strong><\/p>\n<p>Dorso: largo dritto, talvolta un po&#8217; lungo, ma sempre sostenuto.<\/p>\n<p>Reni: corti muscolosi e leggermente ad arpa.<\/p>\n<p>Groppa: leggermente obliqua rispetto alla linea superiore.<\/p>\n<p>Petto: largo di faccia, lungo di profilo e discendente al livello del gomito; le costole sono arrotondate senza esagerazione.<\/p>\n<p>Ventre: fianchi piatti, ventre poco rilevato.<\/p>\n<p><strong>Coda:<\/strong> normalmente accorciata e continuante bene la convessit\u00e0 della groppa, sebbene la coda lunga, se bene portata, non \u00e8 un difetto ma piuttosto la coda corta dalla nascita.<\/p>\n<p><strong>Arti:<\/strong><\/p>\n<p>Arti anteriori: bene in appiombo, larghi e muscolosi.<\/p>\n<p>Spalle: molto muscolose e mediamente oblique.<\/p>\n<p>Braccio: forte e ben muscolato.<\/p>\n<p>Gomito: a livello dello sterno.<\/p>\n<p>compatto, pressoch\u00e9 rotondo; unghie forti, cuscinetti ben carnosi.<\/p>\n<p>Arti posteriori: bene in appiombo.<\/p>\n<p>Cosce: bene muscolate, carnose.<\/p>\n<p>Gambe: muscolose.<\/p>\n<p>Garretti: mediamente angolati.<\/p>\n<p>Metatarso: abbastanza corto.<\/p>\n<p>Piedi: compatti pressoch\u00e9 rotondi.<\/p>\n<p><strong>Manto<\/strong><\/p>\n<p>Pelo: piuttosto grosso e folto; pi\u00f9 fine nella testa e nelle orecchie.<\/p>\n<p>Colore:<\/p>\n<ul>\n<li>Marrone<\/li>\n<li>Marrone e bianco<\/li>\n<li>Marrone e bianco fortemente maculato<\/li>\n<li>Marrone marcato di rossiccio (al di sopra      degli occhi, nei labbri e negli arti.)<\/li>\n<\/ul>\n<p>&nbsp;<\/p>\n<p><strong>Taglia<\/strong><\/p>\n<ul>\n<li>Maschio: da 58 cm a 69 cm<\/li>\n<li>Femmina: da 56cm a 69 cm<\/li>\n<li>Taglia ricercata: da 61 cm a 63 cm.<\/li>\n<\/ul>\n<p><strong> <\/strong><\/p>\n<p><strong>Difetti: <\/strong>tutto ci\u00f2 che differisce da quanto sopra esposto deve essere considerato come un difetto, che sar\u00e0 penalizzante in funzione della sua gravit\u00e0.<\/p>\n<ul>\n<li>Cane troppo pesante o troppo leggero;<\/li>\n<li>Cresta occipitale troppo pronunciata;<\/li>\n<\/ul>\n<p>Labbra troppo spesse o non abbastanza discendenti;<br \/>\nOcchi rotondi a causa dell&#8217;esagerazione delle arcate zigomatiche e sopra-orbitali;<\/p>\n<ul>\n<li>Orecchi piatti, troppo corti o troppo      accartocciati;<\/li>\n<li>Ventre levrettato;<\/li>\n<li>Piedi schiacciati.<\/li>\n<\/ul>\n<p><strong> <\/strong><\/p>\n<p><strong>Difetti di eliminazione:<\/strong><\/p>\n<ul>\n<li>Linee cranio facciali convergenti o troppo      divergenti.<\/li>\n<li>Doppio naso, tartufo fortemente depigmentato.<\/li>\n<li>Prognatismo o enognatismo.<\/li>\n<li>Entropio, ectropio, depigmentazione      palpebrale.<\/li>\n<li>Assenza di coda, anuria.<\/li>\n<li>Sindattilia (unione delle dita) polidattilia      (numero superiore di dita) adattilia (assenza di dita).<\/li>\n<\/ul>\n<p>&nbsp;<\/p>\n<p><strong>N.B<\/strong>. i maschi devono avere due testicoli di aspetto normale e completamente discesi dallo scroto.<\/p>\n","protected":false},"excerpt":{"rendered":"<p>Standard FCI n\u00b0 133 \/07.08.1998\/F BRAQUE FRANCAIS, TYPE GASCOGNE (traduzione del testo originale francese a cura del CIBF) Origine: Francia Utilizzazione: cani da ferma Classificazione FCI: gruppo 7 cani da ferma Sezione 1.1 cani da ferma continentali, tipo bracco Con &hellip; <a href=\"https:\/\/www.braccofrancese.com\/?page_id=95\">Continue reading <span class=\"meta-nav\">&rarr;<\/span><\/a><\/p>\n","protected":false},"author":1,"featured_media":0,"parent":100,"menu_order":2,"comment_status":"open","ping_status":"open","template":"onecolumn-page.php","meta":[],"_links":{"self":[{"href":"https:\/\/www.braccofrancese.com\/index.php?rest_route=\/wp\/v2\/pages\/95"}],"collection":[{"href":"https:\/\/www.braccofrancese.com\/index.php?rest_route=\/wp\/v2\/pages"}],"about":[{"href":"https:\/\/www.braccofrancese.com\/index.php?rest_route=\/wp\/v2\/types\/page"}],"author":[{"embeddable":true,"href":"https:\/\/www.braccofrancese.com\/index.php?rest_route=\/wp\/v2\/users\/1"}],"replies":[{"embeddable":true,"href":"https:\/\/www.braccofrancese.com\/index.php?rest_route=%2Fwp%2Fv2%2Fcomments&post=95"}],"version-history":[{"count":10,"href":"https:\/\/www.braccofrancese.com\/index.php?rest_route=\/wp\/v2\/pages\/95\/revisions"}],"predecessor-version":[{"id":123,"href":"https:\/\/www.braccofrancese.com\/index.php?rest_route=\/wp\/v2\/pages\/95\/revisions\/123"}],"up":[{"embeddable":true,"href":"https:\/\/www.braccofrancese.com\/index.php?rest_route=\/wp\/v2\/pages\/100"}],"wp:attachment":[{"href":"https:\/\/www.braccofrancese.com\/index.php?rest_route=%2Fwp%2Fv2%2Fmedia&parent=95"}],"curies":[{"name":"wp","href":"https:\/\/api.w.org\/{rel}","templated":true}]}}