{"id":1460,"date":"2019-01-17T12:19:43","date_gmt":"2019-01-17T11:19:43","guid":{"rendered":"http:\/\/www.braccofrancese.com\/?page_id=1460"},"modified":"2019-01-17T12:21:24","modified_gmt":"2019-01-17T11:21:24","slug":"standard-di-lavoro-bracco-dauvergne","status":"publish","type":"page","link":"https:\/\/www.braccofrancese.com\/?page_id=1460","title":{"rendered":"Standard di lavoro bracco d&#8217;Auvergne"},"content":{"rendered":"<p align=\"center\"><span style=\"font-size: medium;\"><span style=\"color: #000000;\"><span style=\"font-size: large;\"><b><span style=\"font-family: 'Times New Roman', serif;\">Standard di Lavoro<\/span><\/b><\/span><\/span><\/span><\/p>\n<p align=\"justify\"><span style=\"font-size: medium;\"><span style=\"color: #000000;\"><span style=\"font-size: large;\"><b><span style=\"font-family: 'Times New Roman', serif;\">Il BRACCO D\u2019AUVERGNE\u00a0<\/span><\/b><\/span><\/span><\/span><span style=\"font-size: medium;\"><span style=\"color: #000000;\"><span style=\"font-size: large;\">\u00e8 un cane continentale da ferma d\u2019origine francese.<\/span><\/span><\/span><\/p>\n<p align=\"justify\"><a href=\"http:\/\/www.braccofrancese.com\/?attachment_id=1311\" rel=\"attachment wp-att-1311\"><img decoding=\"async\" loading=\"lazy\" class=\"aligncenter size-medium wp-image-1311\" src=\"http:\/\/www.braccofrancese.com\/wp-content\/uploads\/2017\/10\/Alvernia-di-Elisa-Picci-in-azione-300x225.jpg\" alt=\"\" width=\"300\" height=\"225\" srcset=\"https:\/\/www.braccofrancese.com\/wp-content\/uploads\/2017\/10\/Alvernia-di-Elisa-Picci-in-azione-300x225.jpg 300w, https:\/\/www.braccofrancese.com\/wp-content\/uploads\/2017\/10\/Alvernia-di-Elisa-Picci-in-azione-768x575.jpg 768w, https:\/\/www.braccofrancese.com\/wp-content\/uploads\/2017\/10\/Alvernia-di-Elisa-Picci-in-azione-1024x767.jpg 1024w, https:\/\/www.braccofrancese.com\/wp-content\/uploads\/2017\/10\/Alvernia-di-Elisa-Picci-in-azione-401x300.jpg 401w, https:\/\/www.braccofrancese.com\/wp-content\/uploads\/2017\/10\/Alvernia-di-Elisa-Picci-in-azione.jpg 1500w\" sizes=\"(max-width: 300px) 100vw, 300px\" \/><\/a><\/p>\n<p align=\"justify\"><span style=\"color: #000000;\"><span style=\"font-family: 'Times New Roman', serif;\"><span style=\"font-size: large;\">Il suo portamento abituale di caccia \u00e8 una corsa \u201cECONOMICA\u201d, leggermente flessa, dal passo corto ma dal ritmo sostenuto, che gli conferisce la sua nota resistenza. Questa corsa pu\u00f2 lasciare spazio al trotto in caso di cambiamento della densit\u00e0 di vegetazione, per superare un ostacolo, verificare o confermare una emanazione, e in queste circostanze una coda in movimento\u00a0non \u00e8 un\u2019anomalia.<\/span><\/span><\/span><\/p>\n<p align=\"justify\"><span style=\"color: #000000;\"><span style=\"font-family: 'Times New Roman', serif;\"><span style=\"font-size: large;\">La sua ricerca \u201ccontinentale\u201d di estensione media dovr\u00e0 permettergli, senza essere meccanizzata, di esplorare al meglio il terreno. Tenuto conto della sua capacit\u00e0 a mantenere facilmente il contatto con il suo conduttore, la densit\u00e0 di vegetazione influisce molto sull\u2019ampiezza e la profondit\u00e0 della sua ricerca e del suo portamento. Questa capacit\u00e0 lo porta qualche volta anche a fare rientri verso il suo conduttore, pur mantenendo sempre una certa discrezione. Infatti, la sua ricerca \u00e8 caratterizzata soprattutto dalla concentrazione nella cerca e nel controllo delle emanazioni.<\/span><\/span><\/span><\/p>\n<p align=\"justify\"><span style=\"color: #000000;\"><span style=\"font-family: 'Times New Roman', serif;\"><span style=\"font-size: large;\">Il suo portamento della testa \u00e8 leggermente a martello rispetto al prolungamento di tutta la sua schiena. Gli accertamenti in campo, se sono brevi e giustificati non saranno considerati come un errore. <\/span><\/span><\/span><\/p>\n<p align=\"justify\"><span style=\"font-family: 'Times New Roman', serif;\"><span style=\"font-size: large;\"><b><span style=\"color: #000000;\">LA SUA FERMA.<\/span><\/b><\/span><\/span><\/p>\n<p align=\"justify\"><span style=\"color: #000000;\"><span style=\"font-family: 'Times New Roman', serif;\"><span style=\"font-size: large;\">In piedi, la sua ferma si concretizza con abitudini diverse a seconda della selvaggina, della natura del terreno, del modo in cui l\u2019emanazione \u00e8 stata percepita e dalla distanza dalla selvaggina, passando da arti stesi e testa alta a arti mezzi piegati e collo steso. Il tutto sar\u00e0 seguito da una flessione generalmente molto prudente.<\/span><\/span><\/span><\/p>\n<p align=\"justify\"><span style=\"font-family: 'Times New Roman', serif;\"><span style=\"font-size: large;\"><b><span style=\"color: #000000;\">IL BRACCO D\u2019AUVERGNE,<\/span><\/b><\/span><\/span><span style=\"font-family: 'Times New Roman', serif;\"><span style=\"font-size: large;\"><span style=\"color: #000000;\">\u00a0apprezzato per la sua versatilit\u00e0 e la facilit\u00e0 di adattamento \u00e8 soprattutto un cane da ferma pratico e che sia che uno sia allevatore, conduttore o giudice non va mai perso di vista il fatto che<b>\u00a0i suoi amatori sono attaccati soprattutto alla sua efficacia di caccia.<\/b><\/span><\/span><\/span><\/p>\n<p align=\"center\"><span style=\"color: #000000;\"><span style=\"font-family: 'Times New Roman', serif;\"><span style=\"font-size: large;\"><b>Complemento allo Standard di Lavoro <\/b><\/span><\/span><\/span><\/p>\n<p align=\"justify\"><span style=\"color: #000000;\"><span style=\"font-family: 'Times New Roman', serif;\"><span style=\"font-size: large;\">Il Club Francese Raba \u201c<i>R\u00e9unione des Amateurs du Braque d\u2019Auvergne<\/i>\u201d, nella riunione della sua commissione del 7 settembre 2008, ha voluto fornire ai giudici di prova sul campo i seguenti chiarimenti:<\/span><\/span><\/span><\/p>\n<p align=\"justify\"><span style=\"color: #000000;\"><span style=\"font-family: 'Times New Roman', serif;\"><span style=\"font-size: large;\">Fare la differenza tra: Cacciare e ricercare il selvatico con il naso a terra in maniera costante, come un segugio, \u00e8 da considerarsi penalizzabile. Il controllo, l\u2019accertamento dell\u2019usta con naso a terra per pochi istanti \u00e8 ammesso e non considerato penalizzabile. Il portamento della testa e dell\u2019incollatura: a volte possono essere giudicati &#8220;un po\u2019 bassi&#8221; durante la ricerca. Devono essere accettati se scompaiono al momento della percezione dell&#8217;emanazione e se il soggetto termina la sua azione (recupero e arresto) a testa alta. Importante non assimilare l\u2019estensione alla velocit\u00e0 di ricerca: il Bracco d\u2019Auvergne deve e pu\u00f2 esplorare il terreno con l\u2019estensione corretta (da 50 a 80 m), ma deve essere effettuata durante il suo galoppo caratteristico, non troppo rapido e talvolta intervallato da piccole fasi di rallentamento e passaggi al trotto, corrispondenti a momenti di accertamento. Non giudicare dalla specificit\u00e0 della razza (Epagnel Breton, Bracco tedesco, Bracco francese) che producono soggetti capaci di combinare velocit\u00e0 e brio. La caratteristica del Bracco d\u2019Auvergne \u00e8 l\u2019efficienza che risulta:<\/span><\/span><\/span><\/p>\n<ul>\n<li><span style=\"color: #000000;\"><span style=\"font-family: 'Times New Roman', serif;\"><span style=\"font-size: large;\">Dalla sua intelligenza nelle esplorazioni non meccanizzate nel terreno;<\/span><\/span><\/span><\/li>\n<li><span style=\"color: #000000;\"><span style=\"font-family: 'Times New Roman', serif;\"><span style=\"font-size: large;\">Dalla sua finezza di naso;<\/span><\/span><\/span><\/li>\n<li><span style=\"color: #000000;\"><span style=\"font-family: 'Times New Roman', serif;\"><span style=\"font-size: large;\">Dalla sicurezza della sua ferma;<\/span><\/span><\/span><\/li>\n<li><span style=\"color: #000000;\"><span style=\"font-family: 'Times New Roman', serif;\"><span style=\"font-size: large;\">Dal piacere che deriva dalla grande complicit\u00e0 del suo conduttore.<\/span><\/span><\/span><\/li>\n<\/ul>\n<p align=\"justify\"><span style=\"font-family: 'Times New Roman', serif;\"><span style=\"font-size: large;\"><b><span style=\"color: #000000;\">Non si deve voler per forza trovare in lui un &#8220;cane del vento&#8221; perch\u00e8 non \u00e8 un pointer tanto meno un &#8220;cane da fiuto&#8221; perch\u00e8 non \u00e8 un segugio, ma considerarlo prima di tutto come un cane che Caccia e Trova.<\/span><\/b><\/span><\/span><\/p>\n<p align=\"justify\"><span style=\"color: #000000;\"><span style=\"font-family: 'Times New Roman', serif;\"><span style=\"font-size: large;\">Non si pu\u00f2 associarlo, come purtroppo si fa ancora molto spesso, alla mancanza di brio, per poi declassarlo; cos\u00ec facendo si sottovaluta la sua personalit\u00e0 e la sua ragione d\u2019essere. I Fields-Trials hanno come missione far emergere i migliori di ogni razza e non stabilire una gerarchia di valori tra le differenti razze. Non dimentichiamocelo mai.<\/span><\/span><\/span><\/p>\n<p align=\"justify\"><span style=\"color: #000000;\"><span style=\"font-family: 'Times New Roman', serif;\"><span style=\"font-size: large;\">(Traduzione di Elisa Picci)<\/span><\/span><\/span><\/p>\n","protected":false},"excerpt":{"rendered":"<p>Standard di Lavoro Il BRACCO D\u2019AUVERGNE\u00a0\u00e8 un cane continentale da ferma d\u2019origine francese. Il suo portamento abituale di caccia \u00e8 una corsa \u201cECONOMICA\u201d, leggermente flessa, dal passo corto ma dal ritmo sostenuto, che gli conferisce la sua nota resistenza. Questa &hellip; <a href=\"https:\/\/www.braccofrancese.com\/?page_id=1460\">Continue reading <span class=\"meta-nav\">&rarr;<\/span><\/a><\/p>\n","protected":false},"author":3,"featured_media":0,"parent":1454,"menu_order":0,"comment_status":"closed","ping_status":"closed","template":"","meta":[],"_links":{"self":[{"href":"https:\/\/www.braccofrancese.com\/index.php?rest_route=\/wp\/v2\/pages\/1460"}],"collection":[{"href":"https:\/\/www.braccofrancese.com\/index.php?rest_route=\/wp\/v2\/pages"}],"about":[{"href":"https:\/\/www.braccofrancese.com\/index.php?rest_route=\/wp\/v2\/types\/page"}],"author":[{"embeddable":true,"href":"https:\/\/www.braccofrancese.com\/index.php?rest_route=\/wp\/v2\/users\/3"}],"replies":[{"embeddable":true,"href":"https:\/\/www.braccofrancese.com\/index.php?rest_route=%2Fwp%2Fv2%2Fcomments&post=1460"}],"version-history":[{"count":3,"href":"https:\/\/www.braccofrancese.com\/index.php?rest_route=\/wp\/v2\/pages\/1460\/revisions"}],"predecessor-version":[{"id":1463,"href":"https:\/\/www.braccofrancese.com\/index.php?rest_route=\/wp\/v2\/pages\/1460\/revisions\/1463"}],"up":[{"embeddable":true,"href":"https:\/\/www.braccofrancese.com\/index.php?rest_route=\/wp\/v2\/pages\/1454"}],"wp:attachment":[{"href":"https:\/\/www.braccofrancese.com\/index.php?rest_route=%2Fwp%2Fv2%2Fmedia&parent=1460"}],"curies":[{"name":"wp","href":"https:\/\/api.w.org\/{rel}","templated":true}]}}