{"id":1454,"date":"2019-01-17T11:57:42","date_gmt":"2019-01-17T10:57:42","guid":{"rendered":"http:\/\/www.braccofrancese.com\/?page_id=1454"},"modified":"2019-01-17T12:39:24","modified_gmt":"2019-01-17T11:39:24","slug":"standard-bracco-dauvergne","status":"publish","type":"page","link":"https:\/\/www.braccofrancese.com\/?page_id=1454","title":{"rendered":"Standard bracco d&#8217;Auvergne"},"content":{"rendered":"<h1 align=\"center\"><span style=\"color: #000000;\"><span style=\"font-size: medium;\"><span style=\"font-family: 'Times New Roman', serif;\"><b>GRUPPO: 7<a href=\"http:\/\/www.braccofrancese.com\/?attachment_id=1464\" rel=\"attachment wp-att-1464\"><img decoding=\"async\" loading=\"lazy\" class=\"aligncenter size-medium wp-image-1464\" src=\"http:\/\/www.braccofrancese.com\/wp-content\/uploads\/2019\/01\/Auvergne-300x200.jpg\" alt=\"\" width=\"300\" height=\"200\" srcset=\"https:\/\/www.braccofrancese.com\/wp-content\/uploads\/2019\/01\/Auvergne-300x200.jpg 300w, https:\/\/www.braccofrancese.com\/wp-content\/uploads\/2019\/01\/Auvergne-768x512.jpg 768w, https:\/\/www.braccofrancese.com\/wp-content\/uploads\/2019\/01\/Auvergne.jpg 1024w, https:\/\/www.braccofrancese.com\/wp-content\/uploads\/2019\/01\/Auvergne-450x300.jpg 450w\" sizes=\"(max-width: 300px) 100vw, 300px\" \/><\/a><\/b><\/span><\/span><\/span><\/h1>\n<h1><span style=\"color: #000000;\">\u00a0<\/span><\/h1>\n<h1><span style=\"font-size: medium;\"><span style=\"font-family: 'Times New Roman', serif;\"><u><b><span style=\"color: #000000;\">FCI Standard n\u00b0 180 \/ 02.04.2004<\/span><\/b><\/u><\/span><\/span><\/h1>\n<h1><span style=\"font-size: medium;\"><span style=\"font-family: 'Times New Roman', serif;\"><u><b><span style=\"color: #000000;\">BRACCO D\u2019AUVERGNE<\/span><\/b><\/u><\/span><\/span><\/h1>\n<h1><span style=\"color: #000000;\"><span style=\"font-size: small;\"><span style=\"font-family: 'Times New Roman', serif;\">ORIGINE : Francia<\/span><\/span><\/span><\/h1>\n<h1><span style=\"color: #000000;\"><span style=\"font-size: small;\"><span style=\"font-family: 'Times New Roman', serif;\">DATA DI PUBBLICAZIONE DELLO STANDARD ORIGINALE VIGENTE: 24.03.2004<\/span><\/span><\/span><\/h1>\n<h1><span style=\"color: #000000;\"><span style=\"font-size: small;\"><span style=\"font-family: 'Times New Roman', serif;\">UTILIZZAZIONE: Cane da ferma<\/span><span style=\"color: #707075;\"><span style=\"font-family: 'Times New Roman', serif;\"> &#8211; <\/span><\/span><span style=\"font-family: 'Times New Roman', serif;\">CLASSIFICAZIONE F.C.I.: Gruppo 7 Cani da ferma<\/span><\/span><\/span><\/h1>\n<h1><span style=\"color: #000000;\"><span style=\"font-size: small;\"><span style=\"font-family: 'Times New Roman', serif;\">Sezione 1.1 Cani da ferma continentali, tipo Bracco &#8211; Con prova di lavoro<\/span><\/span><\/span><\/h1>\n<h1><span style=\"color: #000000;\"><span style=\"font-size: small;\"><span style=\"font-family: 'Times New Roman', serif;\">BREVE CENNO STORICO: il Bracco d\u2019Auvergne \u00e8 una razza molto antica, presente da pi\u00f9 di due secoli nella regione del Cantal. Proveniente dal ceppo comune a tutti i bracchi, \u00e8 il prodotto di una selezione alla quale avrebbero preso parte i Cavalieri di Malta. Creato da e per i cacciatori, ha una forte identit\u00e0 che il suo mantello contribuisce a conservargli.<\/span><\/span><\/span><\/h1>\n<h1><span style=\"color: #000000;\"><span style=\"font-size: small;\"><span style=\"font-family: 'Times New Roman', serif;\">ASPETTO GENERALE : Rettilineo, mediolineo. Cane robusto, di forte costruzione senza essere pesante e che si dimostra un tipo di Bracco caratteristico, con una certa leggerezza di movimento ed eleganza, aumentate dal suo mantello e dall\u2019armonia delle sue proporzioni. La sua conformazione lo predispone ad un\u2019azione di fondo condotta con elasticit\u00e0 e gli permette di resistere una giornata intera sui terreni pi\u00f9 aspri.<\/span><\/span><\/span><\/h1>\n<h1><span style=\"color: #000000;\"><span style=\"font-size: small;\"><span style=\"font-family: 'Times New Roman', serif;\">PROPORZIONI IMPORTANTI<\/span><\/span><\/span><\/h1>\n<h1><span style=\"color: #000000;\">\u2022 <span style=\"font-size: small;\"><span style=\"font-family: 'Times New Roman', serif;\">Corpo: la lunghezza del corpo (dalla punta della spalla alla punta della natica) \u00e8 pressappoco uguale all\u2019altezza al garrese. Profondit\u00e0 del torace = altezza al garrese x \u00bd<\/span><\/span><\/span><\/h1>\n<h1><span style=\"color: #000000;\">\u2022 <span style=\"font-size: small;\"><span style=\"font-family: 'Times New Roman', serif;\">Testa: lunghezza del muso leggermente inferiore o uguale al quella del cranio<\/span><\/span><\/span><\/h1>\n<h1><span style=\"color: #000000;\"><span style=\"font-size: small;\"><span style=\"font-family: 'Times New Roman', serif;\">COMPORTAMENTO \u2013 CARATTERE<\/span><\/span><\/span><\/h1>\n<h1><span style=\"color: #000000;\"><span style=\"font-size: small;\"><span style=\"font-family: 'Times New Roman', serif;\">Cane dolce, molto affettuoso, intelligente e docile. Il suo adddestramento consiste soprattutto nello sviluppare le sue qualit\u00e0 naturali. Ha un fiuto potente. Si adatta bene a vivere in famiglia.<\/span><\/span><\/span><\/h1>\n<h1><span style=\"color: #000000;\"><span style=\"font-size: small;\"><span style=\"font-family: 'Times New Roman', serif;\">TESTA<\/span><\/span><\/span><\/h1>\n<h1><span style=\"color: #000000;\"><span style=\"font-size: small;\"><span style=\"font-family: 'Times New Roman', serif;\">REGIONE DEL CRANIO<\/span><\/span><\/span><\/h1>\n<h1><span style=\"color: #000000;\"><span style=\"font-size: small;\"><span style=\"font-family: 'Times New Roman', serif;\">Linee del cranio e del muso: leggermente divergenti in avanti ( caratter. tipo bracco)<\/span><\/span><\/span><\/h1>\n<h1><span style=\"color: #000000;\"><span style=\"font-size: small;\"><span style=\"font-family: 'Times New Roman', serif;\">La testa \u00e8 lunga, proporzionata alla taglia, un po\u2019 pi\u00f9 leggera nelle femmine. Vista dall\u2019alto, la forma del cranio s\u2019avvicina all\u2019ovale.<\/span><\/span><\/span><\/h1>\n<h1><span style=\"color: #000000;\"><span style=\"font-size: small;\"><span style=\"font-family: 'Times New Roman', serif;\">Protuberanza occipitale poco saliente. La larghezza a livello delle arcate zigomatiche \u00e8 uguale alla lunghezza del cranio. Arcate sopracciliari molto marcate. Stop mediamente marcato.<\/span><\/span><\/span><\/h1>\n<h1><span style=\"color: #000000;\"><span style=\"font-size: small;\"><span style=\"font-family: 'Times New Roman', serif;\">REGIONE DEL MUSO<\/span><\/span><\/span><\/h1>\n<h1><span style=\"color: #000000;\"><span style=\"font-size: small;\"><span style=\"font-family: 'Times New Roman', serif;\">Tartufo sempre nero, abbastanza forte; lucente, narici bene aperte. Il suo profilo superiore \u00e8 sul prolungamento della canna nasale. Muso d\u2019una lunghezza vicina a quella del cranio. La canna nasale \u00e8 diritta. Labbra piuttosto consistenti. Il labbro superiore ricopre l\u2019inferiore. Commessure nette, senza pieghe importanti. Viste dal davanti, le labbra formano una buona quadratura del muso. Mascelle solide, di uguale lunghezza. Denti forti. Chiusura a forbice o a tenaglia. Occhi piuttosto grandi, ovali, di color nocciola scuro, bene inseriti nelle orbite, con sguardo espressivo, franco e dolce; la palpebra ben pigmentata non lascia vedere la congiuntiva. Orecchi attaccati piuttosto indietro. A riposo l\u2019attaccatura dell\u2019orecchio si posiziona al di sotto di una linea retta che riunisce il profilo superiore del tartufo e l\u2019occhio. Quando il cane \u00e8 in attenzione, l\u2019attaccatura dell\u2019orecchio pu\u00f2 risalire fino a questa linea. Leggermente girato verso l\u2019interno, ma n\u00e9 arrotolato n\u00e9 piatto, l\u2019orecchio \u00e8 morbido e di tessitura leggermente satinata. L\u2019estremit\u00e0 \u00e8 mediamente arrotondata. Tirato in avanti deve poter raggiungere l\u2019inizio del tartufo, senza sorpassarne l\u2019estremit\u00e0.<\/span><\/span><\/span><\/h1>\n<h1><span style=\"color: #000000;\"><span style=\"font-size: small;\"><span style=\"font-family: 'Times New Roman', serif;\">COLLO piuttosto lungo, ben inserito nelle spalle, forte, leggermente arcuato. Presenza di una leggera giogaia. Il collo ha una lunghezza visibilmente uguale a quella della testa.<\/span><\/span><\/span><\/h1>\n<h1><span style=\"color: #000000;\"><span style=\"font-size: small;\"><span style=\"font-family: 'Times New Roman', serif;\">CORPO<\/span><\/span><\/span><\/h1>\n<h1><span style=\"color: #000000;\"><span style=\"font-size: small;\"><span style=\"font-family: 'Times New Roman', serif;\">Linea superiore ben tesa, diritta<\/span><span style=\"color: #707075;\"><span style=\"font-family: 'Times New Roman', serif;\">. <\/span><\/span><span style=\"font-family: 'Times New Roman', serif;\">Garrese marcato. Dorso stretto, piatto e corto. La spina dorsale non \u00e8 saliente. Rene ben inserito, \u00e8 largo (soprattutto nelle femmine), solo leggermente arcuato. Groppa obliqua (35\u00b0 rispetto alla linea superiore), punta delle anche visibile. Torace lungo e ben disceso a livello del gomito. In sezione trasversale ha una forma ovoidale, regolarmente cerchiato, senza rotture nella parte inferiore.<\/span><\/span><\/span><\/h1>\n<h1><span style=\"color: #000000;\"><span style=\"font-size: small;\"><span style=\"font-family: 'Times New Roman', serif;\">Linea inferiore. si rialza dolcemente verso il ventre non levrettato. Il fianco \u00e8 largo, poco incavato, riunito alle anche senza bruschi contrasti.<\/span> <\/span><\/span><\/h1>\n<h1><span style=\"color: #000000;\"><span style=\"font-size: small;\"><span style=\"font-family: 'Times New Roman', serif;\">CODA attaccata abbastanza alta. Deve essere portata orizzontalmente. Cilindrica e non troppo fine. Tagliata, ha una lunghezza da 15 a 20 cm. Non tagliata, raggiunge la punta del garretto, senza superarlo.<\/span><\/span><\/span><\/h1>\n<h1><span style=\"color: #000000;\"><span style=\"font-size: small;\"><span style=\"font-family: 'Times New Roman', serif;\">ARTI sono sull\u2019asse del corpo.<\/span><\/span><\/span><\/h1>\n<h1><span style=\"color: #000000;\"><span style=\"font-size: small;\"><span style=\"font-family: 'Times New Roman', serif;\">ANTERIORI in appiombo<\/span><\/span><\/span><\/h1>\n<h1><span style=\"color: #000000;\"><span style=\"font-size: small;\"><span style=\"font-family: 'Times New Roman', serif;\">Spalla forte, molto muscolosa, ben libera nei movimenti. Obliqua a 45\u00b0 sull\u2019orizzontale.<\/span> <span style=\"font-family: 'Times New Roman', serif;\">Gomito ben posizionato sull\u2019asse del corpo. Avambraccio forte e lungo, muscoloso e diritto. Carpo forte senza essere nodoso. Metacarpo corto; visto di profilo \u00e8 leggermente inclinato. POSTERIORI ben angolati, lavorano su piani paralleli. Cosce molto muscolose. Garretti asciutti e ben disegnati. Metatarsi corti e mai fragili.<\/span><\/span><\/span><\/h1>\n<h1><span style=\"color: #000000;\"><span style=\"font-size: small;\"><span style=\"font-family: 'Times New Roman', serif;\">PIEDI un po\u2019 pi\u00f9 lunghi dei \u201cpiedi di gatto\u201d, un po\u2019 meno lunghi dei \u201cpiedi di lepre\u201d.<\/span><\/span><\/span><\/h1>\n<h1><span style=\"color: #000000;\"><span style=\"font-size: small;\"><span style=\"font-family: 'Times New Roman', serif;\">Non devono essere rivolti in dentro n\u00e9 in fuori. Le unghie sono forti e corte; i cuscinetti duri e resistenti; le dita sono chiuse.<\/span><\/span><\/span><\/h1>\n<h1><span style=\"color: #000000;\"><span style=\"font-size: small;\"><span style=\"font-family: 'Times New Roman', serif;\">ANDATURA falcate di media lunghezza ma a ritmo sostenuto, il che conferisce al cane la sua nota resistenza. Il suo passo abituale di caccia \u00e8 un galoppo medio, regolare e leggermente oscillante.<\/span><\/span><\/span><\/h1>\n<h1><span style=\"color: #000000;\"><span style=\"font-size: small;\"><span style=\"font-family: 'Times New Roman', serif;\">PELLE abbastanza fine, piuttosto lassa senza esagerazione.<\/span><\/span><\/span><\/h1>\n<h1><span style=\"color: #000000;\"><span style=\"font-size: small;\"><span style=\"font-family: 'Times New Roman', serif;\">MANTELLO<\/span><\/span><\/span><\/h1>\n<h1><span style=\"color: #000000;\"><span style=\"font-size: small;\"><span style=\"font-family: 'Times New Roman', serif;\">PELO corto, non troppo fine, mai duro, brillante<\/span><\/span><\/span><\/h1>\n<h1><span style=\"color: #000000;\"><span style=\"font-size: small;\"><span style=\"font-family: 'Times New Roman', serif;\">COLORE nero a pezzatura bianca d\u2019 estensione variabile. La particolarit\u00e0 della pezzatura fa distinguere due tipi: moschettato o brizzolato. Questa differenza non pu\u00f2 servire nella classifica di due soggetti della stessa qualit\u00e0. La testa deve essere nera, preferibilmente con una lista bianca che si prolunga sulla testa. Il bianco di questa lista pu\u00f2 estendersi sulle parti laterali del muso. Un orecchio bianco e moschettato o un lato della testa bianco e moschettato non possono essere considerati difetti<\/span><\/span><\/span><\/h1>\n<h1><span style=\"color: #000000;\"><span style=\"font-size: small;\"><span style=\"font-family: 'Times New Roman', serif;\">TAGLIA<\/span><\/span><\/span><\/h1>\n<h1><span style=\"color: #000000;\"><span style=\"font-size: small;\"><span style=\"font-family: 'Times New Roman', serif;\">Altezza al garrese (con, per i due sessi, tolleranza di + 2 cm. e -1cm.)<\/span><\/span><\/span><\/h1>\n<h1><span style=\"color: #000000;\"><span style=\"font-size: small;\"><span style=\"font-family: 'Times New Roman', serif;\">Maschi 57 a 63 (ideale : 60 cm)<\/span><\/span><\/span><\/h1>\n<h1><span style=\"color: #000000;\"><span style=\"font-size: small;\"><span style=\"font-family: 'Times New Roman', serif;\">Femmine 53 a 59 ( \u201c 56 cm)<\/span><\/span><\/span><\/h1>\n<h1><span style=\"color: #000000;\"><span style=\"font-size: small;\"><span style=\"font-family: 'Times New Roman', serif;\">DIFETTI tutto quanto si discosta a quanto precede deve essere considerato come difetto che sar\u00e0 penalizzato a seconda della sua gravit\u00e0.<\/span><\/span><\/span><\/h1>\n<h1><span style=\"color: #000000;\">\u2022 <span style=\"font-size: small;\"><span style=\"font-family: 'Times New Roman', serif;\">Linee cranio-facciali parallele<\/span><\/span><\/span><\/h1>\n<h1><span style=\"color: #000000;\">\u2022 <span style=\"font-size: small;\"><span style=\"font-family: 'Times New Roman', serif;\">Testa troppo pesante sotto gli occhi<\/span><\/span><\/span><\/h1>\n<h1><span style=\"color: #000000;\">\u2022 <span style=\"font-size: small;\"><span style=\"font-family: 'Times New Roman', serif;\">Congiuntiva apparente.<\/span><\/span><\/span><\/h1>\n<h1><span style=\"color: #000000;\"><span style=\"font-size: small;\"><span style=\"font-family: 'Times New Roman', serif;\">DIFETTI GRAVI<\/span><\/span><\/span><\/h1>\n<h1><span style=\"color: #000000;\"><span style=\"font-size: small;\"><span style=\"font-family: 'Times New Roman', serif;\">Linee cranio-facciali convergenti (in avanti)<\/span><\/span><\/span><\/h1>\n<h1><span style=\"color: #000000;\">\u2022 <span style=\"font-size: small;\"><span style=\"font-family: 'Times New Roman', serif;\">Canna nasale concava o convessa<\/span><\/span><\/span><\/h1>\n<h1><span style=\"color: #000000;\">\u2022 <span style=\"font-size: small;\"><span style=\"font-family: 'Times New Roman', serif;\">Orecchio attaccato troppo alto, troppo corto, piatto, troppo arrotolato.<\/span><\/span><\/span><\/h1>\n<h1><span style=\"color: #000000;\">\u2022 <span style=\"font-size: small;\"><span style=\"font-family: 'Times New Roman', serif;\">Labbra pendenti o fluttuanti, troppo corte, muso che diventa appuntito all\u2019estremit\u00e0<\/span><\/span><\/span><\/h1>\n<h1><span style=\"color: #000000;\">\u2022 <span style=\"font-size: small;\"><span style=\"font-family: 'Times New Roman', serif;\">Regione sternale troppo stretta.<\/span><\/span><\/span><\/h1>\n<h1><span style=\"color: #000000;\"><span style=\"font-size: small;\"><span style=\"font-family: 'Times New Roman', serif;\">DIFETTI ELIMINATORI<\/span><\/span><\/span><\/h1>\n<h1><span style=\"color: #000000;\"><span style=\"font-size: small;\"><span style=\"font-family: 'Times New Roman', serif;\">Carattere:<\/span><\/span><\/span><\/h1>\n<h1><span style=\"color: #000000;\">\u2022 <span style=\"font-size: small;\"><span style=\"font-family: 'Times New Roman', serif;\">Cane aggressivo o pauroso.<\/span><\/span><\/span><\/h1>\n<h1><span style=\"color: #000000;\"><span style=\"font-size: small;\"><span style=\"font-family: 'Times New Roman', serif;\">Testa :<\/span><\/span><\/span><\/h1>\n<h1><span style=\"color: #000000;\">\u2022 <span style=\"font-size: small;\"><span style=\"font-family: 'Times New Roman', serif;\">Mancanza di tipo bracco<\/span><\/span><\/span><\/h1>\n<h1><span style=\"color: #000000;\">\u2022 <span style=\"font-size: small;\"><span style=\"font-family: 'Times New Roman', serif;\">Enognatismo o prognatismo con intervallo di pi\u00f9 di 1 mm. tra le arcate degli<\/span><\/span><\/span><\/h1>\n<h1><span style=\"color: #000000;\"><span style=\"font-size: small;\"><span style=\"font-family: 'Times New Roman', serif;\">incisivi.<\/span><\/span><\/span><\/h1>\n<h1><span style=\"color: #000000;\">\u2022 <span style=\"font-size: small;\"><span style=\"font-family: 'Times New Roman', serif;\">L\u2019assenza di PM1 \u00e8 tollerata.<\/span><\/span><\/span><\/h1>\n<h1><span style=\"color: #000000;\">\u2022 <span style=\"font-size: small;\"><span style=\"font-family: 'Times New Roman', serif;\">\u00c8 eliminatoria l\u2019assenza di 2 altri premolari (PM2-PM3) o di qualsiasi altro<\/span><\/span><\/span><\/h1>\n<h1><span style=\"color: #000000;\"><span style=\"font-size: small;\"><span style=\"font-family: 'Times New Roman', serif;\">dente, PM4 incluso.<\/span><\/span><\/span><\/h1>\n<h1><span style=\"color: #000000;\">\u2022 <span style=\"font-size: small;\"><span style=\"font-family: 'Times New Roman', serif;\">Entropion o ectropion o tracce di interventi correttivi.<\/span><\/span><\/span><\/h1>\n<h1><span style=\"color: #000000;\"><span style=\"font-size: small;\"><span style=\"font-family: 'Times New Roman', serif;\">Arti:<\/span><\/span><\/span><\/h1>\n<h1><span style=\"color: #000000;\">\u2022 <span style=\"font-size: small;\"><span style=\"font-family: 'Times New Roman', serif;\">Presenza di speroni o traccia di loro amputazioni.<\/span><\/span><\/span><\/h1>\n<h1><span style=\"color: #000000;\"><span style=\"font-size: small;\"><span style=\"font-family: 'Times New Roman', serif;\">Mantello:<\/span><\/span><\/span><\/h1>\n<h1><span style=\"color: #000000;\">\u2022 <span style=\"font-size: small;\"><span style=\"font-family: 'Times New Roman', serif;\">Tutto nero o tutto bianco.<\/span><\/span><\/span><\/h1>\n<h1><span style=\"color: #000000;\">\u2022 <span style=\"font-size: small;\"><span style=\"font-family: 'Times New Roman', serif;\">Mancanza di moschettature<\/span><\/span><\/span><\/h1>\n<h1><span style=\"color: #000000;\">\u2022 <span style=\"font-size: small;\"><span style=\"font-family: 'Times New Roman', serif;\">Focature color fuoco o riflessi \u201cpan bruciato\u201d (fulvo)<\/span><\/span><\/span><\/h1>\n<h1><span style=\"color: #000000;\">\u2022 <span style=\"font-size: small;\"><span style=\"font-family: 'Times New Roman', serif;\">Tartufo depigmentato<\/span><\/span><\/span><\/h1>\n<h1><span style=\"color: #000000;\">\u2022 <span style=\"font-size: small;\"><span style=\"font-family: 'Times New Roman', serif;\">Palpebre depigmentate.<\/span><\/span><\/span><\/h1>\n<h1><span style=\"color: #000000;\">\u2022 <span style=\"font-size: small;\"><span style=\"font-family: 'Times New Roman', serif;\">Occhio giallo (da uccello rapace) Occhi eterocromi.<\/span><\/span><\/span><\/h1>\n<h1><span style=\"color: #000000;\"><span style=\"font-size: small;\"><span style=\"font-family: 'Times New Roman', serif;\">Taglia<\/span><\/span><\/span><\/h1>\n<h1><span style=\"color: #000000;\">\u2022 <span style=\"font-size: small;\"><span style=\"font-family: 'Times New Roman', serif;\">fuori dai limiti dello standard (tolleranza regolamentare: + 2 cm. e \u2013 1 cm.)<\/span><\/span><\/span><\/h1>\n<h1><span style=\"color: #000000;\"><span style=\"font-size: small;\"><span style=\"font-family: 'Times New Roman', serif;\">Qualsiasi cane che presenti in modo evidente anomalie d\u2019ordine fisico o comportamentale sar\u00e0 squalificato.<\/span><\/span><\/span><\/h1>\n<h1><span style=\"color: #000000;\"><span style=\"font-size: small;\"><b><span style=\"font-family: 'Times New Roman', serif;\">N.B. I maschi devono avere due testicoli apparentemente normali completamente<\/span><\/b><\/span><\/span><\/h1>\n<h1><span style=\"color: #000000;\"><span style=\"font-size: small;\"><b><span style=\"font-family: 'Times New Roman', serif;\">discesi nello scroto.<\/span><\/b><\/span><\/span><\/h1>\n","protected":false},"excerpt":{"rendered":"<p>GRUPPO: 7 \u00a0 FCI Standard n\u00b0 180 \/ 02.04.2004 BRACCO D\u2019AUVERGNE ORIGINE : Francia DATA DI PUBBLICAZIONE DELLO STANDARD ORIGINALE VIGENTE: 24.03.2004 UTILIZZAZIONE: Cane da ferma &#8211; CLASSIFICAZIONE F.C.I.: Gruppo 7 Cani da ferma Sezione 1.1 Cani da ferma continentali, &hellip; <a href=\"https:\/\/www.braccofrancese.com\/?page_id=1454\">Continue reading <span class=\"meta-nav\">&rarr;<\/span><\/a><\/p>\n","protected":false},"author":3,"featured_media":0,"parent":0,"menu_order":0,"comment_status":"closed","ping_status":"closed","template":"","meta":[],"_links":{"self":[{"href":"https:\/\/www.braccofrancese.com\/index.php?rest_route=\/wp\/v2\/pages\/1454"}],"collection":[{"href":"https:\/\/www.braccofrancese.com\/index.php?rest_route=\/wp\/v2\/pages"}],"about":[{"href":"https:\/\/www.braccofrancese.com\/index.php?rest_route=\/wp\/v2\/types\/page"}],"author":[{"embeddable":true,"href":"https:\/\/www.braccofrancese.com\/index.php?rest_route=\/wp\/v2\/users\/3"}],"replies":[{"embeddable":true,"href":"https:\/\/www.braccofrancese.com\/index.php?rest_route=%2Fwp%2Fv2%2Fcomments&post=1454"}],"version-history":[{"count":6,"href":"https:\/\/www.braccofrancese.com\/index.php?rest_route=\/wp\/v2\/pages\/1454\/revisions"}],"predecessor-version":[{"id":1465,"href":"https:\/\/www.braccofrancese.com\/index.php?rest_route=\/wp\/v2\/pages\/1454\/revisions\/1465"}],"wp:attachment":[{"href":"https:\/\/www.braccofrancese.com\/index.php?rest_route=%2Fwp%2Fv2%2Fmedia&parent=1454"}],"curies":[{"name":"wp","href":"https:\/\/api.w.org\/{rel}","templated":true}]}}