{"id":126,"date":"2011-05-18T15:02:25","date_gmt":"2011-05-18T13:02:25","guid":{"rendered":"http:\/\/www.braccofrancese.com\/?page_id=126"},"modified":"2011-05-18T15:11:43","modified_gmt":"2011-05-18T13:11:43","slug":"standard-pyrenees","status":"publish","type":"page","link":"https:\/\/www.braccofrancese.com\/?page_id=126","title":{"rendered":"Standard: Pyren\u00e9es"},"content":{"rendered":"<p>Standard FCI n\u00b0 134\/07.08.1998\/F BRAQUE FRANCAIS TYPE PYRENEES<\/p>\n<p>(traduzione del testo originale francese a cura del CIBF)<\/p>\n<p>&nbsp;<\/p>\n<p>Origine: Francia<\/p>\n<p>Utilizzazione: cane da ferma<\/p>\n<p>Classificazione FCI: Gruppo 7 cane da ferma<\/p>\n<p>Sezione 1.1 cane da ferma continentale, tipo bracco<\/p>\n<p><span style=\"text-decoration: underline;\">Con prova di lavoro<\/span><\/p>\n<p>&nbsp;<\/p>\n<p>Breve cenno storico: il bracco francese si presenta in due tipi differenti, la grande taglia (Gascogne) e la piccola taglia (Pyr\u00e9n\u00e9es). I due tipi sono originari del sud ovest della Francia e della zona centrale dei Pirenei.<\/p>\n<p>Il bracco francese di piccola taglia, tipo Pyr\u00e9n\u00e9es \u00e8 un mesomorfo dolicocefalo che presenta tutte le proporzioni viste, con dimensioni pi\u00f9 ridotte e sotto forme pi\u00f9 leggere, le stesse caratteristiche generali di quelle del tipo Gascogne; differisce nei seguenti punti:<\/p>\n<p>Aspetto generale: cane rustico, senza pesantezza ma sufficientemente muscoloso. Pelle pi\u00f9 tesa di quella del Gascogne<\/p>\n<p>&nbsp;<\/p>\n<p><strong>Testa<\/strong><\/p>\n<p style=\"padding-left: 30px;\">Naso: di colore marrone con nari bene aperte<\/p>\n<p style=\"padding-left: 30px;\">Labbra: le labbra sono meno discendenti di quelle del Gascogne, o meno convesse<\/p>\n<p style=\"padding-left: 30px;\">Orecchie: inserite al di sopra della linea dell\u2019occhio a malapena pieghettate. Le loro punte si devono fermare a 2 cm dal tartufo.<\/p>\n<p>Collo: poca o assente giogaia<\/p>\n<p>Ventre: ventre meno discendente di quello del Gascogne.<\/p>\n<p>Coda: pu\u00f2 essere accorciata o corta di nascita<\/p>\n<p>&nbsp;<\/p>\n<p><strong>Arti<\/strong><\/p>\n<p style=\"padding-left: 30px;\">Arti anteriori: sono pi\u00f9 leggeri di quelli del Gascogne<\/p>\n<p style=\"padding-left: 30px;\">Spalle: muscolose e mediamente oblique<\/p>\n<p style=\"padding-left: 30px;\">Arti posteriori<\/p>\n<p style=\"padding-left: 30px;\">Piedi: serrati<\/p>\n<p>&nbsp;<\/p>\n<p>Pelo: pi\u00f9 fino e pi\u00f9 corto di quello del Gascogne<\/p>\n<p><strong>Taglia:<\/strong><\/p>\n<p style=\"padding-left: 30px;\">Maschi da 47 cm a 58 cm<\/p>\n<p style=\"padding-left: 30px;\">Femmine da 47 cm a 56 cm<\/p>\n<p style=\"padding-left: 30px;\">La taglia da 50 cm a 55 cm deve essere quella ricercata quale corrispondente all&#8217;utilizzazione dei pi\u00f9 numerosi<\/p>\n<p><strong>Difetti:<\/strong><\/p>\n<ul>\n<li>tutto quello che      differisce da quanto sopradescritto deve essere considerato come un      difetto che sar\u00e0 penalizzante in funzione della sua gravit\u00e0<\/li>\n<li>Cane troppo pesante      o iperleggero<\/li>\n<li>Labbra troppo      discendenti o modeste<\/li>\n<li>Occhi rotondi a      causa dell&#8217;esagerazione delle arcate zigomatiche e sopra-orbitali<\/li>\n<li>Orecchi attaccati      al livello degli occhi, troppo lunghi ( che arrivano al tartufo)<\/li>\n<li>Ventre levrettato<\/li>\n<li>Piede schiacciato<\/li>\n<\/ul>\n<p>Difetti di eliminazione:<\/p>\n<ul>\n<li>Naso piatto,      tartufo fortemente depigmentato<\/li>\n<li>Entropio, ectropio,      depigmentazione palpebrale<\/li>\n<li>Anuria<\/li>\n<li>Sindattilia (unione      delle dita) polidattilia (numero superiore delle dita) adattilia (assenza      delle dita)<\/li>\n<\/ul>\n<p>N.B. i maschi devono avere due testicoli di aspetto normale completamente discesi dallo scroto.<\/p>\n","protected":false},"excerpt":{"rendered":"<p>Standard FCI n\u00b0 134\/07.08.1998\/F BRAQUE FRANCAIS TYPE PYRENEES (traduzione del testo originale francese a cura del CIBF) &nbsp; Origine: Francia Utilizzazione: cane da ferma Classificazione FCI: Gruppo 7 cane da ferma Sezione 1.1 cane da ferma continentale, tipo bracco Con &hellip; <a href=\"https:\/\/www.braccofrancese.com\/?page_id=126\">Continue reading <span class=\"meta-nav\">&rarr;<\/span><\/a><\/p>\n","protected":false},"author":1,"featured_media":0,"parent":100,"menu_order":0,"comment_status":"open","ping_status":"open","template":"onecolumn-page.php","meta":[],"_links":{"self":[{"href":"https:\/\/www.braccofrancese.com\/index.php?rest_route=\/wp\/v2\/pages\/126"}],"collection":[{"href":"https:\/\/www.braccofrancese.com\/index.php?rest_route=\/wp\/v2\/pages"}],"about":[{"href":"https:\/\/www.braccofrancese.com\/index.php?rest_route=\/wp\/v2\/types\/page"}],"author":[{"embeddable":true,"href":"https:\/\/www.braccofrancese.com\/index.php?rest_route=\/wp\/v2\/users\/1"}],"replies":[{"embeddable":true,"href":"https:\/\/www.braccofrancese.com\/index.php?rest_route=%2Fwp%2Fv2%2Fcomments&post=126"}],"version-history":[{"count":3,"href":"https:\/\/www.braccofrancese.com\/index.php?rest_route=\/wp\/v2\/pages\/126\/revisions"}],"predecessor-version":[{"id":131,"href":"https:\/\/www.braccofrancese.com\/index.php?rest_route=\/wp\/v2\/pages\/126\/revisions\/131"}],"up":[{"embeddable":true,"href":"https:\/\/www.braccofrancese.com\/index.php?rest_route=\/wp\/v2\/pages\/100"}],"wp:attachment":[{"href":"https:\/\/www.braccofrancese.com\/index.php?rest_route=%2Fwp%2Fv2%2Fmedia&parent=126"}],"curies":[{"name":"wp","href":"https:\/\/api.w.org\/{rel}","templated":true}]}}